{"id":1442,"date":"2021-06-29T11:43:46","date_gmt":"2021-06-29T09:43:31","guid":{"rendered":"https:\/\/xn--gstehaus-am-pilgerpfad-04b.de\/?page_id=1442"},"modified":"2025-03-16T09:29:57","modified_gmt":"2025-03-16T08:29:57","slug":"pilgerpfad-2","status":"publish","type":"page","link":"https:\/\/xn--gstehaus-am-pilgerpfad-04b.de\/index.php\/pilgerpfad-2\/","title":{"rendered":"Pilgerpfad"},"content":{"rendered":"\t\t<div data-elementor-type=\"wp-page\" data-elementor-id=\"1442\" class=\"elementor elementor-1442\" data-elementor-post-type=\"page\">\n\t\t\t\t\t\t<section class=\"elementor-section elementor-top-section elementor-element elementor-element-9bd35aa elementor-section-boxed elementor-section-height-default elementor-section-height-default\" data-id=\"9bd35aa\" data-element_type=\"section\" data-e-type=\"section\">\n\t\t\t\t\t\t<div class=\"elementor-container elementor-column-gap-default\">\n\t\t\t\t\t<div class=\"elementor-column elementor-col-100 elementor-top-column elementor-element elementor-element-d4225d4\" data-id=\"d4225d4\" data-element_type=\"column\" data-e-type=\"column\">\n\t\t\t<div class=\"elementor-widget-wrap elementor-element-populated\">\n\t\t\t\t\t\t<div class=\"elementor-element elementor-element-f0bdbd7 elementor--h-position-center elementor--v-position-middle elementor-arrows-position-inside elementor-pagination-position-inside elementor-widget elementor-widget-slides\" data-id=\"f0bdbd7\" data-element_type=\"widget\" data-e-type=\"widget\" data-settings=\"{&quot;navigation&quot;:&quot;both&quot;,&quot;autoplay&quot;:&quot;yes&quot;,&quot;pause_on_hover&quot;:&quot;yes&quot;,&quot;pause_on_interaction&quot;:&quot;yes&quot;,&quot;autoplay_speed&quot;:5000,&quot;infinite&quot;:&quot;yes&quot;,&quot;transition&quot;:&quot;slide&quot;,&quot;transition_speed&quot;:500}\" data-widget_type=\"slides.default\">\n\t\t\t\t<div class=\"elementor-widget-container\">\n\t\t\t\t\t\t\t\t\t<div class=\"elementor-swiper\">\n\t\t\t\t\t<div class=\"elementor-slides-wrapper elementor-main-swiper swiper\" role=\"region\" aria-roledescription=\"carousel\" aria-label=\"Slider\" dir=\"ltr\" data-animation=\"fadeInUp\">\n\t\t\t\t<div class=\"swiper-wrapper elementor-slides\">\n\t\t\t\t\t\t\t\t\t\t<div class=\"elementor-repeater-item-5bec941 swiper-slide\" role=\"group\" aria-roledescription=\"slide\"><div class=\"swiper-slide-bg\" role=\"img\" aria-label=\"20190407_105808 (3)\"><\/div><div class=\"swiper-slide-inner\" ><div class=\"swiper-slide-contents\"><\/div><\/div><\/div><div class=\"elementor-repeater-item-93614d2 swiper-slide\" role=\"group\" aria-roledescription=\"slide\"><div class=\"swiper-slide-bg\" role=\"img\" aria-label=\"welcome-to-3717133_1920\"><\/div><div class=\"swiper-slide-inner\" ><div class=\"swiper-slide-contents\"><\/div><\/div><\/div>\t\t\t\t<\/div>\n\t\t\t\t\t\t\t\t\t\t\t\t\t\t\t<div class=\"elementor-swiper-button elementor-swiper-button-prev\" role=\"button\" tabindex=\"0\" aria-label=\"Vorheriger Slide\">\n\t\t\t\t\t\t\t<i aria-hidden=\"true\" class=\"eicon-chevron-left\"><\/i>\t\t\t\t\t\t<\/div>\n\t\t\t\t\t\t<div class=\"elementor-swiper-button elementor-swiper-button-next\" role=\"button\" tabindex=\"0\" aria-label=\"N\u00e4chster Slide\">\n\t\t\t\t\t\t\t<i aria-hidden=\"true\" class=\"eicon-chevron-right\"><\/i>\t\t\t\t\t\t<\/div>\n\t\t\t\t\t\t\t\t\t\t\t\t\t\t\t\t<div class=\"swiper-pagination\"><\/div>\n\t\t\t\t\t\t\t\t\t\t\t\t<\/div>\n\t\t\t\t<\/div>\n\t\t\t\t\t\t\t\t<\/div>\n\t\t\t\t<\/div>\n\t\t\t\t\t<\/div>\n\t\t<\/div>\n\t\t\t\t\t<\/div>\n\t\t<\/section>\n\t\t\t\t<section class=\"elementor-section elementor-top-section elementor-element elementor-element-5dc2501 elementor-section-boxed elementor-section-height-default elementor-section-height-default\" data-id=\"5dc2501\" data-element_type=\"section\" data-e-type=\"section\">\n\t\t\t\t\t\t<div class=\"elementor-container elementor-column-gap-default\">\n\t\t\t\t\t<div class=\"elementor-column elementor-col-66 elementor-top-column elementor-element elementor-element-885df67\" data-id=\"885df67\" data-element_type=\"column\" data-e-type=\"column\">\n\t\t\t<div class=\"elementor-widget-wrap elementor-element-populated\">\n\t\t\t\t\t\t<div class=\"elementor-element elementor-element-0b5279f elementor-widget elementor-widget-text-editor\" data-id=\"0b5279f\" data-element_type=\"widget\" data-e-type=\"widget\" data-widget_type=\"text-editor.default\">\n\t\t\t\t<div class=\"elementor-widget-container\">\n\t\t\t\t\t\t\t\t\t<p><strong>Gro\u00dfz\u00fcgiges Zimmer im 1. Obergescho\u00df im Landhausstil, Kieferm\u00f6bel. 4 er Tischgruppe und Sofa (auch als Schlafsofa) laden zu einem gem\u00fctlichen Aufenthalt ein. <\/strong><strong style=\"font-family: var( --e-global-typography-text-font-family ), Sans-serif;\">Ein zweites angrenzendes Zimmer kann hinzugebucht werden.\u00a0<\/strong><\/p><p><strong style=\"font-family: var( --e-global-typography-text-font-family ), Sans-serif;\">Genie\u00dfen Sie bei uns eine entspannte Auszeit mit\u00a0<\/strong><strong style=\"font-family: var( --e-global-typography-text-font-family ), Sans-serif;\">sch\u00f6nen Genussmomenten im herrlichen Weingarten.<\/strong><\/p><ul><li>Nichtraucher<\/li><li>LED-TV<\/li><li>Internet WLAN<\/li><li>Landhausk\u00fcchenwagen<\/li><li>Kleine Ausstattung an Geschirr<\/li><li>Wasserkocher<\/li><li>Kaffeemaschine<\/li><li>Kleiner K\u00fchlschrank<\/li><li>Tischgruppe \u2013 Sofa (Aufbettung m\u00f6glich)<\/li><li>Klimager\u00e4t<\/li><li>Walk-In- Dusche\/WC<\/li><li>Haartrockner<\/li><li>Hinweis: In Verbindung mit Buchung Pilgerpfad kann ein zweites angrenzendes separates Zimmer\u00a0 hinzugebucht werden (hier gemeinsame Nutzung Dusche\/WC )<\/li><\/ul>\t\t\t\t\t\t\t\t<\/div>\n\t\t\t\t<\/div>\n\t\t\t\t\t<\/div>\n\t\t<\/div>\n\t\t\t\t<div class=\"elementor-column elementor-col-33 elementor-top-column elementor-element elementor-element-744e199\" data-id=\"744e199\" data-element_type=\"column\" data-e-type=\"column\">\n\t\t\t<div class=\"elementor-widget-wrap elementor-element-populated\">\n\t\t\t\t\t\t<section class=\"elementor-section elementor-inner-section elementor-element elementor-element-6d08d7b elementor-section-boxed elementor-section-height-default elementor-section-height-default\" data-id=\"6d08d7b\" data-element_type=\"section\" data-e-type=\"section\">\n\t\t\t\t\t\t<div class=\"elementor-container elementor-column-gap-default\">\n\t\t\t\t\t<div class=\"elementor-column elementor-col-50 elementor-inner-column elementor-element elementor-element-e9ce263\" data-id=\"e9ce263\" data-element_type=\"column\" data-e-type=\"column\">\n\t\t\t<div class=\"elementor-widget-wrap elementor-element-populated\">\n\t\t\t\t\t\t<div class=\"elementor-element elementor-element-23ab632 elementor-widget elementor-widget-image\" data-id=\"23ab632\" data-element_type=\"widget\" data-e-type=\"widget\" data-widget_type=\"image.default\">\n\t\t\t\t<div class=\"elementor-widget-container\">\n\t\t\t\t\t\t\t\t\t\t\t\t\t\t\t\t<a href=\"https:\/\/xn--gstehaus-am-pilgerpfad-04b.de\/wp-content\/uploads\/2021\/06\/0fa57960-6c76-4780-9f12-74fc8c816545.jpg\" data-elementor-open-lightbox=\"yes\" data-elementor-lightbox-title=\"0fa57960-6c76-4780-9f12-74fc8c816545\" data-e-action-hash=\"#elementor-action%3Aaction%3Dlightbox%26settings%3DeyJpZCI6MTI0OCwidXJsIjoiaHR0cHM6XC9cL3huLS1nc3RlaGF1cy1hbS1waWxnZXJwZmFkLTA0Yi5kZVwvd3AtY29udGVudFwvdXBsb2Fkc1wvMjAyMVwvMDZcLzBmYTU3OTYwLTZjNzYtNDc4MC05ZjEyLTc0ZmM4YzgxNjU0NS5qcGcifQ%3D%3D\">\n\t\t\t\t\t\t\t<img fetchpriority=\"high\" decoding=\"async\" width=\"270\" height=\"600\" src=\"https:\/\/xn--gstehaus-am-pilgerpfad-04b.de\/wp-content\/uploads\/2021\/06\/0fa57960-6c76-4780-9f12-74fc8c816545.jpg\" class=\"attachment-large size-large wp-image-1248\" alt=\"\" srcset=\"https:\/\/xn--gstehaus-am-pilgerpfad-04b.de\/wp-content\/uploads\/2021\/06\/0fa57960-6c76-4780-9f12-74fc8c816545.jpg 270w, https:\/\/xn--gstehaus-am-pilgerpfad-04b.de\/wp-content\/uploads\/2021\/06\/0fa57960-6c76-4780-9f12-74fc8c816545-135x300.jpg 135w\" sizes=\"(max-width: 270px) 100vw, 270px\" \/>\t\t\t\t\t\t\t\t<\/a>\n\t\t\t\t\t\t\t\t\t\t\t\t\t\t\t<\/div>\n\t\t\t\t<\/div>\n\t\t\t\t<div class=\"elementor-element elementor-element-dbdcf20 elementor-widget elementor-widget-image\" data-id=\"dbdcf20\" data-element_type=\"widget\" data-e-type=\"widget\" data-widget_type=\"image.default\">\n\t\t\t\t<div class=\"elementor-widget-container\">\n\t\t\t\t\t\t\t\t\t\t\t\t\t\t\t\t<a href=\"https:\/\/xn--gstehaus-am-pilgerpfad-04b.de\/wp-content\/uploads\/2021\/03\/20190407_105808-scaled.jpg\" data-elementor-open-lightbox=\"yes\" data-elementor-lightbox-title=\"20190407_105808\" data-e-action-hash=\"#elementor-action%3Aaction%3Dlightbox%26settings%3DeyJpZCI6ODMxLCJ1cmwiOiJodHRwczpcL1wveG4tLWdzdGVoYXVzLWFtLXBpbGdlcnBmYWQtMDRiLmRlXC93cC1jb250ZW50XC91cGxvYWRzXC8yMDIxXC8wM1wvMjAxOTA0MDdfMTA1ODA4LXNjYWxlZC5qcGcifQ%3D%3D\">\n\t\t\t\t\t\t\t<img decoding=\"async\" width=\"710\" height=\"947\" src=\"https:\/\/xn--gstehaus-am-pilgerpfad-04b.de\/wp-content\/uploads\/2021\/03\/20190407_105808-768x1024.jpg\" class=\"attachment-large size-large wp-image-831\" alt=\"\" srcset=\"https:\/\/xn--gstehaus-am-pilgerpfad-04b.de\/wp-content\/uploads\/2021\/03\/20190407_105808-768x1024.jpg 768w, https:\/\/xn--gstehaus-am-pilgerpfad-04b.de\/wp-content\/uploads\/2021\/03\/20190407_105808-225x300.jpg 225w, https:\/\/xn--gstehaus-am-pilgerpfad-04b.de\/wp-content\/uploads\/2021\/03\/20190407_105808-1152x1536.jpg 1152w, https:\/\/xn--gstehaus-am-pilgerpfad-04b.de\/wp-content\/uploads\/2021\/03\/20190407_105808-1536x2048.jpg 1536w, https:\/\/xn--gstehaus-am-pilgerpfad-04b.de\/wp-content\/uploads\/2021\/03\/20190407_105808-scaled.jpg 1920w\" sizes=\"(max-width: 710px) 100vw, 710px\" \/>\t\t\t\t\t\t\t\t<\/a>\n\t\t\t\t\t\t\t\t\t\t\t\t\t\t\t<\/div>\n\t\t\t\t<\/div>\n\t\t\t\t\t<\/div>\n\t\t<\/div>\n\t\t\t\t<div class=\"elementor-column elementor-col-50 elementor-inner-column elementor-element elementor-element-aeae225\" data-id=\"aeae225\" data-element_type=\"column\" data-e-type=\"column\">\n\t\t\t<div class=\"elementor-widget-wrap elementor-element-populated\">\n\t\t\t\t\t\t<div class=\"elementor-element elementor-element-dd254af elementor-widget elementor-widget-image\" data-id=\"dd254af\" data-element_type=\"widget\" data-e-type=\"widget\" data-widget_type=\"image.default\">\n\t\t\t\t<div class=\"elementor-widget-container\">\n\t\t\t\t\t\t\t\t\t\t\t\t\t\t\t\t<a href=\"https:\/\/xn--gstehaus-am-pilgerpfad-04b.de\/wp-content\/uploads\/2021\/03\/20190310_084657-scaled.jpg\" data-elementor-open-lightbox=\"yes\" data-elementor-lightbox-title=\"20190310_084657\" data-e-action-hash=\"#elementor-action%3Aaction%3Dlightbox%26settings%3DeyJpZCI6NjUyLCJ1cmwiOiJodHRwczpcL1wveG4tLWdzdGVoYXVzLWFtLXBpbGdlcnBmYWQtMDRiLmRlXC93cC1jb250ZW50XC91cGxvYWRzXC8yMDIxXC8wM1wvMjAxOTAzMTBfMDg0NjU3LXNjYWxlZC5qcGcifQ%3D%3D\">\n\t\t\t\t\t\t\t<img decoding=\"async\" width=\"710\" height=\"947\" src=\"https:\/\/xn--gstehaus-am-pilgerpfad-04b.de\/wp-content\/uploads\/2021\/03\/20190310_084657-768x1024.jpg\" class=\"attachment-large size-large wp-image-652\" alt=\"\" srcset=\"https:\/\/xn--gstehaus-am-pilgerpfad-04b.de\/wp-content\/uploads\/2021\/03\/20190310_084657-768x1024.jpg 768w, https:\/\/xn--gstehaus-am-pilgerpfad-04b.de\/wp-content\/uploads\/2021\/03\/20190310_084657-225x300.jpg 225w, https:\/\/xn--gstehaus-am-pilgerpfad-04b.de\/wp-content\/uploads\/2021\/03\/20190310_084657-1152x1536.jpg 1152w, https:\/\/xn--gstehaus-am-pilgerpfad-04b.de\/wp-content\/uploads\/2021\/03\/20190310_084657-1536x2048.jpg 1536w, https:\/\/xn--gstehaus-am-pilgerpfad-04b.de\/wp-content\/uploads\/2021\/03\/20190310_084657-scaled.jpg 1920w\" sizes=\"(max-width: 710px) 100vw, 710px\" \/>\t\t\t\t\t\t\t\t<\/a>\n\t\t\t\t\t\t\t\t\t\t\t\t\t\t\t<\/div>\n\t\t\t\t<\/div>\n\t\t\t\t<div class=\"elementor-element elementor-element-769b23f elementor-widget elementor-widget-image\" data-id=\"769b23f\" data-element_type=\"widget\" data-e-type=\"widget\" data-widget_type=\"image.default\">\n\t\t\t\t<div class=\"elementor-widget-container\">\n\t\t\t\t\t\t\t\t\t\t\t\t\t\t\t\t<a href=\"https:\/\/xn--gstehaus-am-pilgerpfad-04b.de\/wp-content\/uploads\/2020\/12\/Pilgerpfad1test.jpg\" data-elementor-open-lightbox=\"yes\" data-elementor-lightbox-title=\"Pilgerpfad1test\" data-e-action-hash=\"#elementor-action%3Aaction%3Dlightbox%26settings%3DeyJpZCI6MTcsInVybCI6Imh0dHBzOlwvXC94bi0tZ3N0ZWhhdXMtYW0tcGlsZ2VycGZhZC0wNGIuZGVcL3dwLWNvbnRlbnRcL3VwbG9hZHNcLzIwMjBcLzEyXC9QaWxnZXJwZmFkMXRlc3QuanBnIn0%3D\">\n\t\t\t\t\t\t\t<img loading=\"lazy\" decoding=\"async\" width=\"710\" height=\"957\" src=\"https:\/\/xn--gstehaus-am-pilgerpfad-04b.de\/wp-content\/uploads\/2020\/12\/Pilgerpfad1test.jpg\" class=\"attachment-large size-large wp-image-17\" alt=\"\" srcset=\"https:\/\/xn--gstehaus-am-pilgerpfad-04b.de\/wp-content\/uploads\/2020\/12\/Pilgerpfad1test.jpg 746w, https:\/\/xn--gstehaus-am-pilgerpfad-04b.de\/wp-content\/uploads\/2020\/12\/Pilgerpfad1test-223x300.jpg 223w\" sizes=\"(max-width: 710px) 100vw, 710px\" \/>\t\t\t\t\t\t\t\t<\/a>\n\t\t\t\t\t\t\t\t\t\t\t\t\t\t\t<\/div>\n\t\t\t\t<\/div>\n\t\t\t\t\t<\/div>\n\t\t<\/div>\n\t\t\t\t\t<\/div>\n\t\t<\/section>\n\t\t\t\t\t<\/div>\n\t\t<\/div>\n\t\t\t\t\t<\/div>\n\t\t<\/section>\n\t\t\t\t<section class=\"elementor-section elementor-top-section elementor-element elementor-element-24d1e67 elementor-section-boxed elementor-section-height-default elementor-section-height-default\" data-id=\"24d1e67\" data-element_type=\"section\" data-e-type=\"section\">\n\t\t\t\t\t\t<div class=\"elementor-container elementor-column-gap-default\">\n\t\t\t\t\t<div class=\"elementor-column elementor-col-100 elementor-top-column elementor-element elementor-element-d6ccd01\" data-id=\"d6ccd01\" data-element_type=\"column\" data-e-type=\"column\">\n\t\t\t<div class=\"elementor-widget-wrap elementor-element-populated\">\n\t\t\t\t\t\t<div class=\"elementor-element elementor-element-8ac98c5 elementor-widget elementor-widget-heading\" data-id=\"8ac98c5\" data-element_type=\"widget\" data-e-type=\"widget\" data-widget_type=\"heading.default\">\n\t\t\t\t<div class=\"elementor-widget-container\">\n\t\t\t\t\t<h2 class=\"elementor-heading-title elementor-size-default\">PREISE AB 01.04.2025<\/h2>\t\t\t\t<\/div>\n\t\t\t\t<\/div>\n\t\t\t\t\t<\/div>\n\t\t<\/div>\n\t\t\t\t\t<\/div>\n\t\t<\/section>\n\t\t\t\t<section class=\"elementor-section elementor-top-section elementor-element elementor-element-0b4b368 elementor-section-boxed elementor-section-height-default elementor-section-height-default\" data-id=\"0b4b368\" data-element_type=\"section\" data-e-type=\"section\">\n\t\t\t\t\t\t<div class=\"elementor-container elementor-column-gap-default\">\n\t\t\t\t\t<div class=\"elementor-column elementor-col-50 elementor-top-column elementor-element elementor-element-1f9cc51\" data-id=\"1f9cc51\" data-element_type=\"column\" data-e-type=\"column\">\n\t\t\t<div class=\"elementor-widget-wrap elementor-element-populated\">\n\t\t\t\t\t\t<div class=\"elementor-element elementor-element-992e511 elementor-widget elementor-widget-image\" data-id=\"992e511\" data-element_type=\"widget\" data-e-type=\"widget\" data-widget_type=\"image.default\">\n\t\t\t\t<div class=\"elementor-widget-container\">\n\t\t\t\t\t\t\t\t\t\t\t\t\t\t\t<img loading=\"lazy\" decoding=\"async\" width=\"483\" height=\"1024\" src=\"https:\/\/xn--gstehaus-am-pilgerpfad-04b.de\/wp-content\/uploads\/2025\/03\/Preisliste-GH-VS-99-x-210-mm-483x1024.png\" class=\"attachment-large size-large wp-image-1905\" alt=\"\" srcset=\"https:\/\/xn--gstehaus-am-pilgerpfad-04b.de\/wp-content\/uploads\/2025\/03\/Preisliste-GH-VS-99-x-210-mm-483x1024.png 483w, https:\/\/xn--gstehaus-am-pilgerpfad-04b.de\/wp-content\/uploads\/2025\/03\/Preisliste-GH-VS-99-x-210-mm-141x300.png 141w, https:\/\/xn--gstehaus-am-pilgerpfad-04b.de\/wp-content\/uploads\/2025\/03\/Preisliste-GH-VS-99-x-210-mm-768x1629.png 768w, https:\/\/xn--gstehaus-am-pilgerpfad-04b.de\/wp-content\/uploads\/2025\/03\/Preisliste-GH-VS-99-x-210-mm-724x1536.png 724w, https:\/\/xn--gstehaus-am-pilgerpfad-04b.de\/wp-content\/uploads\/2025\/03\/Preisliste-GH-VS-99-x-210-mm.png 943w\" sizes=\"(max-width: 483px) 100vw, 483px\" \/>\t\t\t\t\t\t\t\t\t\t\t\t\t\t\t<\/div>\n\t\t\t\t<\/div>\n\t\t\t\t\t<\/div>\n\t\t<\/div>\n\t\t\t\t<div class=\"elementor-column elementor-col-50 elementor-top-column elementor-element elementor-element-a199e64\" data-id=\"a199e64\" data-element_type=\"column\" data-e-type=\"column\">\n\t\t\t<div class=\"elementor-widget-wrap elementor-element-populated\">\n\t\t\t\t\t\t<div class=\"elementor-element elementor-element-e33f07b elementor-widget elementor-widget-image\" data-id=\"e33f07b\" data-element_type=\"widget\" data-e-type=\"widget\" data-widget_type=\"image.default\">\n\t\t\t\t<div class=\"elementor-widget-container\">\n\t\t\t\t\t\t\t\t\t\t\t\t\t\t\t<img loading=\"lazy\" decoding=\"async\" width=\"483\" height=\"1024\" src=\"https:\/\/xn--gstehaus-am-pilgerpfad-04b.de\/wp-content\/uploads\/2025\/03\/Preisliste-GH-RS99-x-210-mm-483x1024.png\" class=\"attachment-large size-large wp-image-1934\" alt=\"\" srcset=\"https:\/\/xn--gstehaus-am-pilgerpfad-04b.de\/wp-content\/uploads\/2025\/03\/Preisliste-GH-RS99-x-210-mm-483x1024.png 483w, https:\/\/xn--gstehaus-am-pilgerpfad-04b.de\/wp-content\/uploads\/2025\/03\/Preisliste-GH-RS99-x-210-mm-141x300.png 141w, https:\/\/xn--gstehaus-am-pilgerpfad-04b.de\/wp-content\/uploads\/2025\/03\/Preisliste-GH-RS99-x-210-mm-768x1629.png 768w, https:\/\/xn--gstehaus-am-pilgerpfad-04b.de\/wp-content\/uploads\/2025\/03\/Preisliste-GH-RS99-x-210-mm-724x1536.png 724w, https:\/\/xn--gstehaus-am-pilgerpfad-04b.de\/wp-content\/uploads\/2025\/03\/Preisliste-GH-RS99-x-210-mm.png 943w\" sizes=\"(max-width: 483px) 100vw, 483px\" \/>\t\t\t\t\t\t\t\t\t\t\t\t\t\t\t<\/div>\n\t\t\t\t<\/div>\n\t\t\t\t\t<\/div>\n\t\t<\/div>\n\t\t\t\t\t<\/div>\n\t\t<\/section>\n\t\t\t\t<section class=\"elementor-section elementor-top-section elementor-element elementor-element-0b93c19 elementor-section-boxed elementor-section-height-default elementor-section-height-default\" data-id=\"0b93c19\" data-element_type=\"section\" data-e-type=\"section\">\n\t\t\t\t\t\t<div class=\"elementor-container elementor-column-gap-default\">\n\t\t\t\t\t<div class=\"elementor-column elementor-col-100 elementor-top-column elementor-element elementor-element-8e6a1ad\" data-id=\"8e6a1ad\" data-element_type=\"column\" data-e-type=\"column\">\n\t\t\t<div class=\"elementor-widget-wrap elementor-element-populated\">\n\t\t\t\t\t\t<div class=\"elementor-element elementor-element-f28286e elementor-widget elementor-widget-image\" data-id=\"f28286e\" data-element_type=\"widget\" data-e-type=\"widget\" data-widget_type=\"image.default\">\n\t\t\t\t<div class=\"elementor-widget-container\">\n\t\t\t\t\t\t\t\t\t\t\t\t\t\t\t\t<a href=\"https:\/\/www.rheinhessen.de\/\" target=\"_blank\">\n\t\t\t\t\t\t\t<img loading=\"lazy\" decoding=\"async\" width=\"400\" height=\"232\" src=\"https:\/\/xn--gstehaus-am-pilgerpfad-04b.de\/wp-content\/uploads\/2020\/12\/Verantwortlicher1.png\" class=\"attachment-1536x1536 size-1536x1536 wp-image-200\" alt=\"\" srcset=\"https:\/\/xn--gstehaus-am-pilgerpfad-04b.de\/wp-content\/uploads\/2020\/12\/Verantwortlicher1.png 400w, https:\/\/xn--gstehaus-am-pilgerpfad-04b.de\/wp-content\/uploads\/2020\/12\/Verantwortlicher1-300x174.png 300w\" sizes=\"(max-width: 400px) 100vw, 400px\" \/>\t\t\t\t\t\t\t\t<\/a>\n\t\t\t\t\t\t\t\t\t\t\t\t\t\t\t<\/div>\n\t\t\t\t<\/div>\n\t\t\t\t\t<\/div>\n\t\t<\/div>\n\t\t\t\t\t<\/div>\n\t\t<\/section>\n\t\t\t\t<section class=\"elementor-section elementor-top-section elementor-element elementor-element-01f5263 elementor-section-boxed elementor-section-height-default elementor-section-height-default\" data-id=\"01f5263\" data-element_type=\"section\" data-e-type=\"section\">\n\t\t\t\t\t\t<div class=\"elementor-container elementor-column-gap-default\">\n\t\t\t\t\t<div class=\"elementor-column elementor-col-100 elementor-top-column elementor-element elementor-element-3662102\" data-id=\"3662102\" data-element_type=\"column\" data-e-type=\"column\">\n\t\t\t<div class=\"elementor-widget-wrap elementor-element-populated\">\n\t\t\t\t\t\t<div class=\"elementor-element elementor-element-d979f75 elementor-widget elementor-widget-global elementor-global-1801 elementor-widget-shortcode\" data-id=\"d979f75\" data-element_type=\"widget\" data-e-type=\"widget\" data-widget_type=\"shortcode.default\">\n\t\t\t\t<div class=\"elementor-widget-container\">\n\t\t\t\t\t\t\t<div class=\"elementor-shortcode\">    <div class=\"exggmap-wrapper is-style-wide\" style=\"aspect-ratio:16 \/ 9\">\r\n      <div class=\"exggmap-mask\" style=\"background-color: #000000; color:#fff\">\r\n        <div class=\"exggmap-mask-content\">\r\n        <p class=\"exggmap-caption\">DSGVO MAP<\/p>\r\n            <button style=\"color: #fff; background-color: #693e91; border-color: #fff\"  id=\"exggmap-btn\">Karte laden *<\/button>\r\n        <\/div>\r\n                <span>\r\n           Pr\u00e4sentiert von            <a title=\"Webdesign Agentur\" style=\"color: #fff\" href=\"https:\/\/www.exovia.de\">exovia webdesign<\/a>\r\n        <\/span>\r\n              <\/div>\r\n      <iframe\r\n        data-src=\"https:\/\/www.google.com\/maps\/embed?pb=!1m19!1m8!1m3!1d5157.132128102675!2d8.248736!3d49.737792!3m2!1i1024!2i768!4f13.1!4m8!3e0!4m0!4m5!1s0x47bd87c79e7d8c4b%3A0x65643c0569842ec0!2sG%C3%A4stehaus%20am%20Pilgerpfad%2C%20Gaustra%C3%9Fe%206%2C%2067596%20Dittelsheim-He%C3%9Floch!3m2!1d49.7415242!2d8.2461129!5e0!3m2!1sde!2sde!4v1667282817384!5m2!1sde!2sde\"\r\n        frameborder=\"0\"\r\n        allowfullscreen=\"\"\r\n        aria-hidden=\"false\"\r\n        tabindex=\"0\">\r\n      <\/iframe>\r\n    <\/div>\r\n    <p class=\"exampp-hints\">\r\n    * Mit dem Laden der Karte akzeptierst du die Datenschutzerkl\u00e4rung von Google.      <a\r\n        target=\"_blank\"\r\n        rel=\"noopener noreferrer\"\r\n        href=\"https:\/\/policies.google.com\/privacy?hl=de\">Mehr erfahren<\/a>\r\n    <\/p>\r\n\t\n\n<\/div>\n\t\t\t\t\t\t<\/div>\n\t\t\t\t<\/div>\n\t\t\t\t\t<\/div>\n\t\t<\/div>\n\t\t\t\t\t<\/div>\n\t\t<\/section>\n\t\t\t\t<\/div>\n\t\t","protected":false},"excerpt":{"rendered":"<p>Gro\u00dfz\u00fcgiges Zimmer im 1. Obergescho\u00df im Landhausstil, Kieferm\u00f6bel. 4 er Tischgruppe und Sofa (auch als Schlafsofa) laden zu einem gem\u00fctlichen Aufenthalt ein. Ein zweites angrenzendes Zimmer kann hinzugebucht werden.\u00a0 Genie\u00dfen Sie bei uns eine entspannte &#8230;<\/p>\n","protected":false},"author":2,"featured_media":0,"parent":0,"menu_order":11,"comment_status":"closed","ping_status":"closed","template":"elementor_theme","meta":{"footnotes":""},"class_list":["post-1442","page","type-page","status-publish","hentry"],"_links":{"self":[{"href":"https:\/\/xn--gstehaus-am-pilgerpfad-04b.de\/index.php\/wp-json\/wp\/v2\/pages\/1442","targetHints":{"allow":["GET"]}}],"collection":[{"href":"https:\/\/xn--gstehaus-am-pilgerpfad-04b.de\/index.php\/wp-json\/wp\/v2\/pages"}],"about":[{"href":"https:\/\/xn--gstehaus-am-pilgerpfad-04b.de\/index.php\/wp-json\/wp\/v2\/types\/page"}],"author":[{"embeddable":true,"href":"https:\/\/xn--gstehaus-am-pilgerpfad-04b.de\/index.php\/wp-json\/wp\/v2\/users\/2"}],"replies":[{"embeddable":true,"href":"https:\/\/xn--gstehaus-am-pilgerpfad-04b.de\/index.php\/wp-json\/wp\/v2\/comments?post=1442"}],"version-history":[{"count":9,"href":"https:\/\/xn--gstehaus-am-pilgerpfad-04b.de\/index.php\/wp-json\/wp\/v2\/pages\/1442\/revisions"}],"predecessor-version":[{"id":1981,"href":"https:\/\/xn--gstehaus-am-pilgerpfad-04b.de\/index.php\/wp-json\/wp\/v2\/pages\/1442\/revisions\/1981"}],"wp:attachment":[{"href":"https:\/\/xn--gstehaus-am-pilgerpfad-04b.de\/index.php\/wp-json\/wp\/v2\/media?parent=1442"}],"curies":[{"name":"wp","href":"https:\/\/api.w.org\/{rel}","templated":true}]}}