{"id":72,"date":"2020-12-12T09:11:46","date_gmt":"2020-12-12T08:11:38","guid":{"rendered":"https:\/\/gh.rw-dm.de\/?page_id=72"},"modified":"2025-03-16T09:14:52","modified_gmt":"2025-03-16T08:14:52","slug":"liebfrauenberg","status":"publish","type":"page","link":"https:\/\/xn--gstehaus-am-pilgerpfad-04b.de\/index.php\/liebfrauenberg\/","title":{"rendered":"Liebfrauenberg"},"content":{"rendered":"\t\t<div data-elementor-type=\"wp-page\" data-elementor-id=\"72\" class=\"elementor elementor-72\" data-elementor-post-type=\"page\">\n\t\t\t\t\t\t<section class=\"elementor-section elementor-top-section elementor-element elementor-element-9bd35aa elementor-section-boxed elementor-section-height-default elementor-section-height-default\" data-id=\"9bd35aa\" data-element_type=\"section\" data-e-type=\"section\">\n\t\t\t\t\t\t<div class=\"elementor-container elementor-column-gap-default\">\n\t\t\t\t\t<div class=\"elementor-column elementor-col-100 elementor-top-column elementor-element elementor-element-d4225d4\" data-id=\"d4225d4\" data-element_type=\"column\" data-e-type=\"column\">\n\t\t\t<div class=\"elementor-widget-wrap elementor-element-populated\">\n\t\t\t\t\t\t<div class=\"elementor-element elementor-element-f0bdbd7 elementor--h-position-center elementor--v-position-middle elementor-arrows-position-inside elementor-pagination-position-inside elementor-widget elementor-widget-slides\" data-id=\"f0bdbd7\" data-element_type=\"widget\" data-e-type=\"widget\" data-settings=\"{&quot;navigation&quot;:&quot;both&quot;,&quot;autoplay&quot;:&quot;yes&quot;,&quot;pause_on_hover&quot;:&quot;yes&quot;,&quot;pause_on_interaction&quot;:&quot;yes&quot;,&quot;autoplay_speed&quot;:5000,&quot;infinite&quot;:&quot;yes&quot;,&quot;transition&quot;:&quot;slide&quot;,&quot;transition_speed&quot;:500}\" data-widget_type=\"slides.default\">\n\t\t\t\t<div class=\"elementor-widget-container\">\n\t\t\t\t\t\t\t\t\t<div class=\"elementor-swiper\">\n\t\t\t\t\t<div class=\"elementor-slides-wrapper elementor-main-swiper swiper\" role=\"region\" aria-roledescription=\"carousel\" aria-label=\"Slider\" dir=\"ltr\" data-animation=\"fadeInUp\">\n\t\t\t\t<div class=\"swiper-wrapper elementor-slides\">\n\t\t\t\t\t\t\t\t\t\t<div class=\"elementor-repeater-item-5bec941 swiper-slide\" role=\"group\" aria-roledescription=\"slide\"><div class=\"swiper-slide-bg\" role=\"img\" aria-label=\"_DSC2817\"><\/div><div class=\"swiper-slide-inner\" ><div class=\"swiper-slide-contents\"><\/div><\/div><\/div><div class=\"elementor-repeater-item-93614d2 swiper-slide\" role=\"group\" aria-roledescription=\"slide\"><div class=\"swiper-slide-bg\" role=\"img\" aria-label=\"welcome-to-3717133_1920\"><\/div><div class=\"swiper-slide-inner\" ><div class=\"swiper-slide-contents\"><\/div><\/div><\/div>\t\t\t\t<\/div>\n\t\t\t\t\t\t\t\t\t\t\t\t\t\t\t<div class=\"elementor-swiper-button elementor-swiper-button-prev\" role=\"button\" tabindex=\"0\" aria-label=\"Vorheriger Slide\">\n\t\t\t\t\t\t\t<i aria-hidden=\"true\" class=\"eicon-chevron-left\"><\/i>\t\t\t\t\t\t<\/div>\n\t\t\t\t\t\t<div class=\"elementor-swiper-button elementor-swiper-button-next\" role=\"button\" tabindex=\"0\" aria-label=\"N\u00e4chster Slide\">\n\t\t\t\t\t\t\t<i aria-hidden=\"true\" class=\"eicon-chevron-right\"><\/i>\t\t\t\t\t\t<\/div>\n\t\t\t\t\t\t\t\t\t\t\t\t\t\t\t\t<div class=\"swiper-pagination\"><\/div>\n\t\t\t\t\t\t\t\t\t\t\t\t<\/div>\n\t\t\t\t<\/div>\n\t\t\t\t\t\t\t\t<\/div>\n\t\t\t\t<\/div>\n\t\t\t\t\t<\/div>\n\t\t<\/div>\n\t\t\t\t\t<\/div>\n\t\t<\/section>\n\t\t\t\t<section class=\"elementor-section elementor-top-section elementor-element elementor-element-5dc2501 elementor-section-boxed elementor-section-height-default elementor-section-height-default\" data-id=\"5dc2501\" data-element_type=\"section\" data-e-type=\"section\">\n\t\t\t\t\t\t<div class=\"elementor-container elementor-column-gap-default\">\n\t\t\t\t\t<div class=\"elementor-column elementor-col-50 elementor-top-column elementor-element elementor-element-885df67\" data-id=\"885df67\" data-element_type=\"column\" data-e-type=\"column\">\n\t\t\t<div class=\"elementor-widget-wrap elementor-element-populated\">\n\t\t\t\t\t\t<div class=\"elementor-element elementor-element-5d7feaa elementor-widget elementor-widget-text-editor\" data-id=\"5d7feaa\" data-element_type=\"widget\" data-e-type=\"widget\" data-widget_type=\"text-editor.default\">\n\t\t\t\t<div class=\"elementor-widget-container\">\n\t\t\t\t\t\t\t\t\t<p><strong>W<\/strong><b>ohlf\u00fchlzimmer im Erdgescho\u00df in sch\u00f6nem Flair mit Sofa\u00a0<span style=\"font-family: var( --e-global-typography-text-font-family ), Sans-serif;\">(auch als\u00a0 Schlafsofa) und Sitzecke sowie\u00a0 Bartisch mit\u00a0 Barhockern. Im Zimmer gibt es einen K\u00fchlschrank, Kaffeemaschine, Wasserkocher und eine kleine Auswahl an Geschirr.<\/span><\/b><\/p><p><b>Genie\u00dfen Sie bei uns eine entspannte Auszeit mit\u00a0<span style=\"font-family: var( --e-global-typography-text-font-family ), Sans-serif;\">sch\u00f6nen Genussmomenten im herrlichen Weingarten und Wein-Pavillon.<\/span><\/b><\/p><ul><li>Nichtraucher<\/li><li>LED-TV<\/li><li>Internet WLAN<\/li><li>Kleiner K\u00fcchenbartisch mit Hockern<\/li><li>Sitzgruppe\u00a0<\/li><li>Wasserkocher<\/li><li>Kaffeemaschine<\/li><li>Kleine Ausstattung an Geschirr<\/li><li>K\u00fchlschrank<\/li><li><span style=\"font-family: var( --e-global-typography-text-font-family ), Sans-serif; font-weight: var( --e-global-typography-text-font-weight );\">Haartrockner<\/span><\/li><li>Sofa (Aufbettung m\u00f6glich)<\/li><li>Handt\u00fccher<\/li><li>Ebenerdige Dusche\/WC<\/li><\/ul>\t\t\t\t\t\t\t\t<\/div>\n\t\t\t\t<\/div>\n\t\t\t\t\t<\/div>\n\t\t<\/div>\n\t\t\t\t<div class=\"elementor-column elementor-col-50 elementor-top-column elementor-element elementor-element-744e199\" data-id=\"744e199\" data-element_type=\"column\" data-e-type=\"column\">\n\t\t\t<div class=\"elementor-widget-wrap elementor-element-populated\">\n\t\t\t\t\t\t<section class=\"elementor-section elementor-inner-section elementor-element elementor-element-6d08d7b elementor-section-boxed elementor-section-height-default elementor-section-height-default\" data-id=\"6d08d7b\" data-element_type=\"section\" data-e-type=\"section\">\n\t\t\t\t\t\t<div class=\"elementor-container elementor-column-gap-default\">\n\t\t\t\t\t<div class=\"elementor-column elementor-col-50 elementor-inner-column elementor-element elementor-element-e9ce263\" data-id=\"e9ce263\" data-element_type=\"column\" data-e-type=\"column\">\n\t\t\t<div class=\"elementor-widget-wrap elementor-element-populated\">\n\t\t\t\t\t\t<div class=\"elementor-element elementor-element-dbdcf20 elementor-widget elementor-widget-image\" data-id=\"dbdcf20\" data-element_type=\"widget\" data-e-type=\"widget\" data-widget_type=\"image.default\">\n\t\t\t\t<div class=\"elementor-widget-container\">\n\t\t\t\t\t\t\t\t\t\t\t\t\t\t\t\t<a href=\"https:\/\/xn--gstehaus-am-pilgerpfad-04b.de\/wp-content\/uploads\/2021\/06\/IMG_1643-1.jpg\" data-elementor-open-lightbox=\"yes\" data-elementor-lightbox-title=\"IMG_1643 (1)\" data-e-action-hash=\"#elementor-action%3Aaction%3Dlightbox%26settings%3DeyJpZCI6MTM5OSwidXJsIjoiaHR0cHM6XC9cL3huLS1nc3RlaGF1cy1hbS1waWxnZXJwZmFkLTA0Yi5kZVwvd3AtY29udGVudFwvdXBsb2Fkc1wvMjAyMVwvMDZcL0lNR18xNjQzLTEuanBnIn0%3D\">\n\t\t\t\t\t\t\t<img fetchpriority=\"high\" decoding=\"async\" width=\"450\" height=\"600\" src=\"https:\/\/xn--gstehaus-am-pilgerpfad-04b.de\/wp-content\/uploads\/2021\/06\/IMG_1643-1.jpg\" class=\"attachment-large size-large wp-image-1399\" alt=\"\" srcset=\"https:\/\/xn--gstehaus-am-pilgerpfad-04b.de\/wp-content\/uploads\/2021\/06\/IMG_1643-1.jpg 450w, https:\/\/xn--gstehaus-am-pilgerpfad-04b.de\/wp-content\/uploads\/2021\/06\/IMG_1643-1-225x300.jpg 225w\" sizes=\"(max-width: 450px) 100vw, 450px\" \/>\t\t\t\t\t\t\t\t<\/a>\n\t\t\t\t\t\t\t\t\t\t\t\t\t\t\t<\/div>\n\t\t\t\t<\/div>\n\t\t\t\t<div class=\"elementor-element elementor-element-23ab632 elementor-widget elementor-widget-image\" data-id=\"23ab632\" data-element_type=\"widget\" data-e-type=\"widget\" data-widget_type=\"image.default\">\n\t\t\t\t<div class=\"elementor-widget-container\">\n\t\t\t\t\t\t\t\t\t\t\t\t\t\t\t\t<a href=\"https:\/\/xn--gstehaus-am-pilgerpfad-04b.de\/wp-content\/uploads\/2022\/02\/Bad1.jpeg\" data-elementor-open-lightbox=\"yes\" data-elementor-lightbox-title=\"Bad1\" data-e-action-hash=\"#elementor-action%3Aaction%3Dlightbox%26settings%3DeyJpZCI6MTY3MiwidXJsIjoiaHR0cHM6XC9cL3huLS1nc3RlaGF1cy1hbS1waWxnZXJwZmFkLTA0Yi5kZVwvd3AtY29udGVudFwvdXBsb2Fkc1wvMjAyMlwvMDJcL0JhZDEuanBlZyJ9\">\n\t\t\t\t\t\t\t<img decoding=\"async\" width=\"710\" height=\"947\" src=\"https:\/\/xn--gstehaus-am-pilgerpfad-04b.de\/wp-content\/uploads\/2022\/02\/Bad1.jpeg\" class=\"attachment-large size-large wp-image-1672\" alt=\"\" srcset=\"https:\/\/xn--gstehaus-am-pilgerpfad-04b.de\/wp-content\/uploads\/2022\/02\/Bad1.jpeg 768w, https:\/\/xn--gstehaus-am-pilgerpfad-04b.de\/wp-content\/uploads\/2022\/02\/Bad1-225x300.jpeg 225w\" sizes=\"(max-width: 710px) 100vw, 710px\" \/>\t\t\t\t\t\t\t\t<\/a>\n\t\t\t\t\t\t\t\t\t\t\t\t\t\t\t<\/div>\n\t\t\t\t<\/div>\n\t\t\t\t\t<\/div>\n\t\t<\/div>\n\t\t\t\t<div class=\"elementor-column elementor-col-50 elementor-inner-column elementor-element elementor-element-aeae225\" data-id=\"aeae225\" data-element_type=\"column\" data-e-type=\"column\">\n\t\t\t<div class=\"elementor-widget-wrap elementor-element-populated\">\n\t\t\t\t\t\t<div class=\"elementor-element elementor-element-dd254af elementor-widget elementor-widget-image\" data-id=\"dd254af\" data-element_type=\"widget\" data-e-type=\"widget\" data-widget_type=\"image.default\">\n\t\t\t\t<div class=\"elementor-widget-container\">\n\t\t\t\t\t\t\t\t\t\t\t\t\t\t\t\t<a href=\"https:\/\/xn--gstehaus-am-pilgerpfad-04b.de\/wp-content\/uploads\/2021\/03\/20190310_084657-scaled.jpg\" data-elementor-open-lightbox=\"yes\" data-elementor-lightbox-title=\"20190310_084657\" data-e-action-hash=\"#elementor-action%3Aaction%3Dlightbox%26settings%3DeyJpZCI6NjUyLCJ1cmwiOiJodHRwczpcL1wveG4tLWdzdGVoYXVzLWFtLXBpbGdlcnBmYWQtMDRiLmRlXC93cC1jb250ZW50XC91cGxvYWRzXC8yMDIxXC8wM1wvMjAxOTAzMTBfMDg0NjU3LXNjYWxlZC5qcGcifQ%3D%3D\">\n\t\t\t\t\t\t\t<img decoding=\"async\" width=\"710\" height=\"947\" src=\"https:\/\/xn--gstehaus-am-pilgerpfad-04b.de\/wp-content\/uploads\/2021\/03\/20190310_084657-768x1024.jpg\" class=\"attachment-large size-large wp-image-652\" alt=\"\" srcset=\"https:\/\/xn--gstehaus-am-pilgerpfad-04b.de\/wp-content\/uploads\/2021\/03\/20190310_084657-768x1024.jpg 768w, https:\/\/xn--gstehaus-am-pilgerpfad-04b.de\/wp-content\/uploads\/2021\/03\/20190310_084657-225x300.jpg 225w, https:\/\/xn--gstehaus-am-pilgerpfad-04b.de\/wp-content\/uploads\/2021\/03\/20190310_084657-1152x1536.jpg 1152w, https:\/\/xn--gstehaus-am-pilgerpfad-04b.de\/wp-content\/uploads\/2021\/03\/20190310_084657-1536x2048.jpg 1536w, https:\/\/xn--gstehaus-am-pilgerpfad-04b.de\/wp-content\/uploads\/2021\/03\/20190310_084657-scaled.jpg 1920w\" sizes=\"(max-width: 710px) 100vw, 710px\" \/>\t\t\t\t\t\t\t\t<\/a>\n\t\t\t\t\t\t\t\t\t\t\t\t\t\t\t<\/div>\n\t\t\t\t<\/div>\n\t\t\t\t<div class=\"elementor-element elementor-element-769b23f elementor-widget elementor-widget-image\" data-id=\"769b23f\" data-element_type=\"widget\" data-e-type=\"widget\" data-widget_type=\"image.default\">\n\t\t\t\t<div class=\"elementor-widget-container\">\n\t\t\t\t\t\t\t\t\t\t\t\t\t\t\t\t<a href=\"https:\/\/xn--gstehaus-am-pilgerpfad-04b.de\/wp-content\/uploads\/2021\/06\/IMG_1649-2-2.jpg\" data-elementor-open-lightbox=\"yes\" data-elementor-lightbox-title=\"IMG_1649 (2)\" data-e-action-hash=\"#elementor-action%3Aaction%3Dlightbox%26settings%3DeyJpZCI6MTQxNSwidXJsIjoiaHR0cHM6XC9cL3huLS1nc3RlaGF1cy1hbS1waWxnZXJwZmFkLTA0Yi5kZVwvd3AtY29udGVudFwvdXBsb2Fkc1wvMjAyMVwvMDZcL0lNR18xNjQ5LTItMi5qcGcifQ%3D%3D\">\n\t\t\t\t\t\t\t<img loading=\"lazy\" decoding=\"async\" width=\"450\" height=\"600\" src=\"https:\/\/xn--gstehaus-am-pilgerpfad-04b.de\/wp-content\/uploads\/2021\/06\/IMG_1649-2-2.jpg\" class=\"attachment-large size-large wp-image-1415\" alt=\"\" srcset=\"https:\/\/xn--gstehaus-am-pilgerpfad-04b.de\/wp-content\/uploads\/2021\/06\/IMG_1649-2-2.jpg 450w, https:\/\/xn--gstehaus-am-pilgerpfad-04b.de\/wp-content\/uploads\/2021\/06\/IMG_1649-2-2-225x300.jpg 225w\" sizes=\"(max-width: 450px) 100vw, 450px\" \/>\t\t\t\t\t\t\t\t<\/a>\n\t\t\t\t\t\t\t\t\t\t\t\t\t\t\t<\/div>\n\t\t\t\t<\/div>\n\t\t\t\t\t<\/div>\n\t\t<\/div>\n\t\t\t\t\t<\/div>\n\t\t<\/section>\n\t\t\t\t<section class=\"elementor-section elementor-inner-section elementor-element elementor-element-eb75de9 elementor-section-boxed elementor-section-height-default elementor-section-height-default\" data-id=\"eb75de9\" data-element_type=\"section\" data-e-type=\"section\">\n\t\t\t\t\t\t<div class=\"elementor-container elementor-column-gap-default\">\n\t\t\t\t\t<div class=\"elementor-column elementor-col-50 elementor-inner-column elementor-element elementor-element-f153a13\" data-id=\"f153a13\" data-element_type=\"column\" data-e-type=\"column\">\n\t\t\t<div class=\"elementor-widget-wrap elementor-element-populated\">\n\t\t\t\t\t\t<div class=\"elementor-element elementor-element-3443620 elementor-widget elementor-widget-image\" data-id=\"3443620\" data-element_type=\"widget\" data-e-type=\"widget\" data-widget_type=\"image.default\">\n\t\t\t\t<div class=\"elementor-widget-container\">\n\t\t\t\t\t\t\t\t\t\t\t\t\t\t\t\t<a href=\"https:\/\/xn--gstehaus-am-pilgerpfad-04b.de\/wp-content\/uploads\/2022\/02\/Bad2.jpeg\" data-elementor-open-lightbox=\"yes\" data-elementor-lightbox-title=\"Bad2\" data-e-action-hash=\"#elementor-action%3Aaction%3Dlightbox%26settings%3DeyJpZCI6MTY3MywidXJsIjoiaHR0cHM6XC9cL3huLS1nc3RlaGF1cy1hbS1waWxnZXJwZmFkLTA0Yi5kZVwvd3AtY29udGVudFwvdXBsb2Fkc1wvMjAyMlwvMDJcL0JhZDIuanBlZyJ9\">\n\t\t\t\t\t\t\t<img loading=\"lazy\" decoding=\"async\" width=\"710\" height=\"947\" src=\"https:\/\/xn--gstehaus-am-pilgerpfad-04b.de\/wp-content\/uploads\/2022\/02\/Bad2.jpeg\" class=\"attachment-large size-large wp-image-1673\" alt=\"\" srcset=\"https:\/\/xn--gstehaus-am-pilgerpfad-04b.de\/wp-content\/uploads\/2022\/02\/Bad2.jpeg 768w, https:\/\/xn--gstehaus-am-pilgerpfad-04b.de\/wp-content\/uploads\/2022\/02\/Bad2-225x300.jpeg 225w\" sizes=\"(max-width: 710px) 100vw, 710px\" \/>\t\t\t\t\t\t\t\t<\/a>\n\t\t\t\t\t\t\t\t\t\t\t\t\t\t\t<\/div>\n\t\t\t\t<\/div>\n\t\t\t\t\t<\/div>\n\t\t<\/div>\n\t\t\t\t<div class=\"elementor-column elementor-col-50 elementor-inner-column elementor-element elementor-element-da3b145\" data-id=\"da3b145\" data-element_type=\"column\" data-e-type=\"column\">\n\t\t\t<div class=\"elementor-widget-wrap elementor-element-populated\">\n\t\t\t\t\t\t<div class=\"elementor-element elementor-element-4e7d29e elementor-widget elementor-widget-image\" data-id=\"4e7d29e\" data-element_type=\"widget\" data-e-type=\"widget\" data-widget_type=\"image.default\">\n\t\t\t\t<div class=\"elementor-widget-container\">\n\t\t\t\t\t\t\t\t\t\t\t\t\t\t\t\t<a href=\"https:\/\/xn--gstehaus-am-pilgerpfad-04b.de\/wp-content\/uploads\/2022\/02\/Bad3.jpeg\" data-elementor-open-lightbox=\"yes\" data-elementor-lightbox-title=\"Bad3\" data-e-action-hash=\"#elementor-action%3Aaction%3Dlightbox%26settings%3DeyJpZCI6MTY3NCwidXJsIjoiaHR0cHM6XC9cL3huLS1nc3RlaGF1cy1hbS1waWxnZXJwZmFkLTA0Yi5kZVwvd3AtY29udGVudFwvdXBsb2Fkc1wvMjAyMlwvMDJcL0JhZDMuanBlZyJ9\">\n\t\t\t\t\t\t\t<img loading=\"lazy\" decoding=\"async\" width=\"710\" height=\"947\" src=\"https:\/\/xn--gstehaus-am-pilgerpfad-04b.de\/wp-content\/uploads\/2022\/02\/Bad3.jpeg\" class=\"attachment-large size-large wp-image-1674\" alt=\"\" srcset=\"https:\/\/xn--gstehaus-am-pilgerpfad-04b.de\/wp-content\/uploads\/2022\/02\/Bad3.jpeg 768w, https:\/\/xn--gstehaus-am-pilgerpfad-04b.de\/wp-content\/uploads\/2022\/02\/Bad3-225x300.jpeg 225w\" sizes=\"(max-width: 710px) 100vw, 710px\" \/>\t\t\t\t\t\t\t\t<\/a>\n\t\t\t\t\t\t\t\t\t\t\t\t\t\t\t<\/div>\n\t\t\t\t<\/div>\n\t\t\t\t\t<\/div>\n\t\t<\/div>\n\t\t\t\t\t<\/div>\n\t\t<\/section>\n\t\t\t\t\t<\/div>\n\t\t<\/div>\n\t\t\t\t\t<\/div>\n\t\t<\/section>\n\t\t\t\t<section class=\"elementor-section elementor-top-section elementor-element elementor-element-93bf893 elementor-section-boxed elementor-section-height-default elementor-section-height-default\" data-id=\"93bf893\" data-element_type=\"section\" data-e-type=\"section\">\n\t\t\t\t\t\t<div class=\"elementor-container elementor-column-gap-default\">\n\t\t\t\t\t<div class=\"elementor-column elementor-col-100 elementor-top-column elementor-element elementor-element-5ac4d19\" data-id=\"5ac4d19\" data-element_type=\"column\" data-e-type=\"column\">\n\t\t\t<div class=\"elementor-widget-wrap elementor-element-populated\">\n\t\t\t\t\t\t<div class=\"elementor-element elementor-element-97e3596 elementor-widget elementor-widget-heading\" data-id=\"97e3596\" data-element_type=\"widget\" data-e-type=\"widget\" data-widget_type=\"heading.default\">\n\t\t\t\t<div class=\"elementor-widget-container\">\n\t\t\t\t\t<h2 class=\"elementor-heading-title elementor-size-default\">PREISE AB 01.04.2025<\/h2>\t\t\t\t<\/div>\n\t\t\t\t<\/div>\n\t\t\t\t\t<\/div>\n\t\t<\/div>\n\t\t\t\t\t<\/div>\n\t\t<\/section>\n\t\t\t\t<section class=\"elementor-section elementor-top-section elementor-element elementor-element-dd151fb elementor-section-boxed elementor-section-height-default elementor-section-height-default\" data-id=\"dd151fb\" data-element_type=\"section\" data-e-type=\"section\">\n\t\t\t\t\t\t<div class=\"elementor-container elementor-column-gap-default\">\n\t\t\t\t\t<div class=\"elementor-column elementor-col-50 elementor-top-column elementor-element elementor-element-7c43b38\" data-id=\"7c43b38\" data-element_type=\"column\" data-e-type=\"column\">\n\t\t\t<div class=\"elementor-widget-wrap elementor-element-populated\">\n\t\t\t\t\t\t<div class=\"elementor-element elementor-element-d142199 elementor-widget elementor-widget-image\" data-id=\"d142199\" data-element_type=\"widget\" data-e-type=\"widget\" data-widget_type=\"image.default\">\n\t\t\t\t<div class=\"elementor-widget-container\">\n\t\t\t\t\t\t\t\t\t\t\t\t\t\t\t<img loading=\"lazy\" decoding=\"async\" width=\"483\" height=\"1024\" src=\"https:\/\/xn--gstehaus-am-pilgerpfad-04b.de\/wp-content\/uploads\/2025\/03\/Preisliste-GH-VS-99-x-210-mm-483x1024.png\" class=\"attachment-large size-large wp-image-1905\" alt=\"\" srcset=\"https:\/\/xn--gstehaus-am-pilgerpfad-04b.de\/wp-content\/uploads\/2025\/03\/Preisliste-GH-VS-99-x-210-mm-483x1024.png 483w, https:\/\/xn--gstehaus-am-pilgerpfad-04b.de\/wp-content\/uploads\/2025\/03\/Preisliste-GH-VS-99-x-210-mm-141x300.png 141w, https:\/\/xn--gstehaus-am-pilgerpfad-04b.de\/wp-content\/uploads\/2025\/03\/Preisliste-GH-VS-99-x-210-mm-768x1629.png 768w, https:\/\/xn--gstehaus-am-pilgerpfad-04b.de\/wp-content\/uploads\/2025\/03\/Preisliste-GH-VS-99-x-210-mm-724x1536.png 724w, https:\/\/xn--gstehaus-am-pilgerpfad-04b.de\/wp-content\/uploads\/2025\/03\/Preisliste-GH-VS-99-x-210-mm.png 943w\" sizes=\"(max-width: 483px) 100vw, 483px\" \/>\t\t\t\t\t\t\t\t\t\t\t\t\t\t\t<\/div>\n\t\t\t\t<\/div>\n\t\t\t\t\t<\/div>\n\t\t<\/div>\n\t\t\t\t<div class=\"elementor-column elementor-col-50 elementor-top-column elementor-element elementor-element-01037b8\" data-id=\"01037b8\" data-element_type=\"column\" data-e-type=\"column\">\n\t\t\t<div class=\"elementor-widget-wrap elementor-element-populated\">\n\t\t\t\t\t\t<div class=\"elementor-element elementor-element-c27481e elementor-widget elementor-widget-image\" data-id=\"c27481e\" data-element_type=\"widget\" data-e-type=\"widget\" data-widget_type=\"image.default\">\n\t\t\t\t<div class=\"elementor-widget-container\">\n\t\t\t\t\t\t\t\t\t\t\t\t\t\t\t<img loading=\"lazy\" decoding=\"async\" width=\"483\" height=\"1024\" src=\"https:\/\/xn--gstehaus-am-pilgerpfad-04b.de\/wp-content\/uploads\/2025\/03\/Preisliste-GH-RS99-x-210-mm-483x1024.png\" class=\"attachment-large size-large wp-image-1934\" alt=\"\" srcset=\"https:\/\/xn--gstehaus-am-pilgerpfad-04b.de\/wp-content\/uploads\/2025\/03\/Preisliste-GH-RS99-x-210-mm-483x1024.png 483w, https:\/\/xn--gstehaus-am-pilgerpfad-04b.de\/wp-content\/uploads\/2025\/03\/Preisliste-GH-RS99-x-210-mm-141x300.png 141w, https:\/\/xn--gstehaus-am-pilgerpfad-04b.de\/wp-content\/uploads\/2025\/03\/Preisliste-GH-RS99-x-210-mm-768x1629.png 768w, https:\/\/xn--gstehaus-am-pilgerpfad-04b.de\/wp-content\/uploads\/2025\/03\/Preisliste-GH-RS99-x-210-mm-724x1536.png 724w, https:\/\/xn--gstehaus-am-pilgerpfad-04b.de\/wp-content\/uploads\/2025\/03\/Preisliste-GH-RS99-x-210-mm.png 943w\" sizes=\"(max-width: 483px) 100vw, 483px\" \/>\t\t\t\t\t\t\t\t\t\t\t\t\t\t\t<\/div>\n\t\t\t\t<\/div>\n\t\t\t\t\t<\/div>\n\t\t<\/div>\n\t\t\t\t\t<\/div>\n\t\t<\/section>\n\t\t\t\t<section class=\"elementor-section elementor-top-section elementor-element elementor-element-c05cf2b elementor-section-boxed elementor-section-height-default elementor-section-height-default\" data-id=\"c05cf2b\" data-element_type=\"section\" data-e-type=\"section\">\n\t\t\t\t\t\t<div class=\"elementor-container elementor-column-gap-default\">\n\t\t\t\t\t<div class=\"elementor-column elementor-col-100 elementor-top-column elementor-element elementor-element-e4a4888\" data-id=\"e4a4888\" data-element_type=\"column\" data-e-type=\"column\">\n\t\t\t<div class=\"elementor-widget-wrap elementor-element-populated\">\n\t\t\t\t\t\t<div class=\"elementor-element elementor-element-f28286e elementor-widget elementor-widget-image\" data-id=\"f28286e\" data-element_type=\"widget\" data-e-type=\"widget\" data-widget_type=\"image.default\">\n\t\t\t\t<div class=\"elementor-widget-container\">\n\t\t\t\t\t\t\t\t\t\t\t\t\t\t\t\t<a href=\"https:\/\/www.rheinhessen.de\/\" target=\"_blank\">\n\t\t\t\t\t\t\t<img loading=\"lazy\" decoding=\"async\" width=\"400\" height=\"232\" src=\"https:\/\/xn--gstehaus-am-pilgerpfad-04b.de\/wp-content\/uploads\/2020\/12\/Verantwortlicher1.png\" class=\"attachment-large size-large wp-image-200\" alt=\"\" srcset=\"https:\/\/xn--gstehaus-am-pilgerpfad-04b.de\/wp-content\/uploads\/2020\/12\/Verantwortlicher1.png 400w, https:\/\/xn--gstehaus-am-pilgerpfad-04b.de\/wp-content\/uploads\/2020\/12\/Verantwortlicher1-300x174.png 300w\" sizes=\"(max-width: 400px) 100vw, 400px\" \/>\t\t\t\t\t\t\t\t<\/a>\n\t\t\t\t\t\t\t\t\t\t\t\t\t\t\t<\/div>\n\t\t\t\t<\/div>\n\t\t\t\t<div class=\"elementor-element elementor-element-2f088e2 elementor-widget elementor-widget-global elementor-global-1801 elementor-widget-shortcode\" data-id=\"2f088e2\" data-element_type=\"widget\" data-e-type=\"widget\" data-widget_type=\"shortcode.default\">\n\t\t\t\t<div class=\"elementor-widget-container\">\n\t\t\t\t\t\t\t<div class=\"elementor-shortcode\">    <div class=\"exggmap-wrapper is-style-wide\" style=\"aspect-ratio:16 \/ 9\">\r\n      <div class=\"exggmap-mask\" style=\"background-color: #000000; color:#fff\">\r\n        <div class=\"exggmap-mask-content\">\r\n        <p class=\"exggmap-caption\">DSGVO MAP<\/p>\r\n            <button style=\"color: #fff; background-color: #693e91; border-color: #fff\"  id=\"exggmap-btn\">Karte laden *<\/button>\r\n        <\/div>\r\n                <span>\r\n           Pr\u00e4sentiert von            <a title=\"Webdesign Agentur\" style=\"color: #fff\" href=\"https:\/\/www.exovia.de\">exovia webdesign<\/a>\r\n        <\/span>\r\n              <\/div>\r\n      <iframe\r\n        data-src=\"https:\/\/www.google.com\/maps\/embed?pb=!1m19!1m8!1m3!1d5157.132128102675!2d8.248736!3d49.737792!3m2!1i1024!2i768!4f13.1!4m8!3e0!4m0!4m5!1s0x47bd87c79e7d8c4b%3A0x65643c0569842ec0!2sG%C3%A4stehaus%20am%20Pilgerpfad%2C%20Gaustra%C3%9Fe%206%2C%2067596%20Dittelsheim-He%C3%9Floch!3m2!1d49.7415242!2d8.2461129!5e0!3m2!1sde!2sde!4v1667282817384!5m2!1sde!2sde\"\r\n        frameborder=\"0\"\r\n        allowfullscreen=\"\"\r\n        aria-hidden=\"false\"\r\n        tabindex=\"0\">\r\n      <\/iframe>\r\n    <\/div>\r\n    <p class=\"exampp-hints\">\r\n    * Mit dem Laden der Karte akzeptierst du die Datenschutzerkl\u00e4rung von Google.      <a\r\n        target=\"_blank\"\r\n        rel=\"noopener noreferrer\"\r\n        href=\"https:\/\/policies.google.com\/privacy?hl=de\">Mehr erfahren<\/a>\r\n    <\/p>\r\n\t\n\n<\/div>\n\t\t\t\t\t\t<\/div>\n\t\t\t\t<\/div>\n\t\t\t\t\t<\/div>\n\t\t<\/div>\n\t\t\t\t\t<\/div>\n\t\t<\/section>\n\t\t\t\t<\/div>\n\t\t","protected":false},"excerpt":{"rendered":"<p>Wohlf\u00fchlzimmer im Erdgescho\u00df in sch\u00f6nem Flair mit Sofa\u00a0(auch als\u00a0 Schlafsofa) und Sitzecke sowie\u00a0 Bartisch mit\u00a0 Barhockern. Im Zimmer gibt es einen K\u00fchlschrank, Kaffeemaschine, Wasserkocher und eine kleine Auswahl an Geschirr. Genie\u00dfen Sie bei uns eine &#8230;<\/p>\n","protected":false},"author":1,"featured_media":0,"parent":0,"menu_order":4,"comment_status":"closed","ping_status":"closed","template":"elementor_theme","meta":{"footnotes":""},"class_list":["post-72","page","type-page","status-publish","hentry"],"_links":{"self":[{"href":"https:\/\/xn--gstehaus-am-pilgerpfad-04b.de\/index.php\/wp-json\/wp\/v2\/pages\/72","targetHints":{"allow":["GET"]}}],"collection":[{"href":"https:\/\/xn--gstehaus-am-pilgerpfad-04b.de\/index.php\/wp-json\/wp\/v2\/pages"}],"about":[{"href":"https:\/\/xn--gstehaus-am-pilgerpfad-04b.de\/index.php\/wp-json\/wp\/v2\/types\/page"}],"author":[{"embeddable":true,"href":"https:\/\/xn--gstehaus-am-pilgerpfad-04b.de\/index.php\/wp-json\/wp\/v2\/users\/1"}],"replies":[{"embeddable":true,"href":"https:\/\/xn--gstehaus-am-pilgerpfad-04b.de\/index.php\/wp-json\/wp\/v2\/comments?post=72"}],"version-history":[{"count":9,"href":"https:\/\/xn--gstehaus-am-pilgerpfad-04b.de\/index.php\/wp-json\/wp\/v2\/pages\/72\/revisions"}],"predecessor-version":[{"id":1954,"href":"https:\/\/xn--gstehaus-am-pilgerpfad-04b.de\/index.php\/wp-json\/wp\/v2\/pages\/72\/revisions\/1954"}],"wp:attachment":[{"href":"https:\/\/xn--gstehaus-am-pilgerpfad-04b.de\/index.php\/wp-json\/wp\/v2\/media?parent=72"}],"curies":[{"name":"wp","href":"https:\/\/api.w.org\/{rel}","templated":true}]}}